{"id":20,"date":"2025-04-08T06:05:13","date_gmt":"2025-04-08T06:05:13","guid":{"rendered":"https:\/\/www.itbezproblemu.pl\/index.php\/one-page-express\/"},"modified":"2025-04-08T07:55:00","modified_gmt":"2025-04-08T07:55:00","slug":"one-page-express","status":"publish","type":"page","link":"https:\/\/www.itbezproblemu.pl\/","title":{"rendered":"Front Page"},"content":{"rendered":"<div  id=\"overlapable-2\" style=\"background-color: #ffffff;\" data-label=\"Overlapable\" data-id=\"stripped-coloured-icon-boxes\" data-category=\"overlapable\" class=\"features-coloured-icon-boxes-section\" data-overlap=\"true\">\n<div  class=\"gridContainer\">\n<div  class=\"features-coloured-icon-boxes-innerrow flexbox-list dark-text\" data-type=\"row\">\n<div  class=\"features-coloured-icon-boxes-featurecol cp3cols\">\n<div  class=\"features-coloured-icon-boxes-iconcontainer\" data-content-item-container=\"true\"> <i  data-cp-fa=\"true\" class=\"features-coloured-icon fa fa-desktop\"><\/i> <\/div>\n<h4  class=\"\">Szybka diagnoza,<br \/>\n<br >skuteczna naprawa!<\/h4>\n<p  class=\"\">Profesjonalna diagnostyka i naprawa sprz\u0119tu, aby Tw\u00f3j komputer dzia\u0142a\u0142 sprawnie i bezproblemowo!<\/p>\n<\/p><\/div>\n<div  class=\"features-coloured-icon-boxes-featurecol cp3cols\">\n<div  class=\"features-coloured-icon-boxes-iconcontainer\" data-content-item-container=\"true\"> <i  data-cp-fa=\"true\" class=\"features-coloured-icon fa fa-microchip\"><\/i> <\/div>\n<h4  class=\"\">Tw\u00f3j sprz\u0119t, w najlepszej kondycji!<\/h4>\n<p  class=\"\">Profesjonalne czyszczenie wn\u0119trza urz\u0105dze\u0144 i optymalizacja systemu, a tak\u017ce wymiana podzespo\u0142\u00f3w dla maksymalnej wydajno\u015bci!<\/p>\n<\/p><\/div>\n<div  class=\"features-coloured-icon-boxes-featurecol cp3cols\">\n<div  class=\"features-coloured-icon-boxes-iconcontainer\" data-content-item-container=\"true\"> <i  data-cp-fa=\"true\" class=\"features-coloured-icon fa fa-at\"><\/i> <\/div>\n<h4  class=\"\">Zbuduj swoj\u0105 obecno\u015b\u0107 online!<\/h4>\n<p  class=\"\">Tworzymy nowoczesne strony internetowe i zwi\u0119kszamy widoczno\u015b\u0107 Twojej firmy w sieci, aby dotrze\u0107 do wi\u0119kszej liczby klient\u00f3w!<\/p>\n<\/p><\/div>\n<div  class=\"features-coloured-icon-boxes-featurecol cp3cols\">\n<div  class=\"features-coloured-icon-boxes-iconcontainer\" data-content-item-container=\"true\"> <i  data-cp-fa=\"true\" class=\"features-coloured-icon fa fa-mobile\"><\/i> <\/div>\n<h4  class=\"\">Tw\u00f3j telefon jak nowy!<br \/>\n<\/h4>\n<p  class=\"\">Przywracamy sprawne dzia\u0142anie, resetujemy i konfigurujemy system, aby Tw\u00f3j smartfon dzia\u0142a\u0142 p\u0142ynnie i bez zak\u0142\u00f3ce\u0144!<\/p>\n<\/p><\/div>\n<\/p><\/div>\n<\/p><\/div>\n<\/div>\n<div  id=\"about-1\" style=\"background-color: #f6f6f6;\" data-label=\"About\" data-id=\"about-big-images-section\" data-category=\"about\" class=\"about-big-images-section\">\n<div  class=\"gridContainer\">\n<div  class=\"about-big-images-textrow\">\n<div  class=\"about-big-images-textcol dynamic-color\" data-type=\"column\">\n<h5  class=\"\">LOREM IPSUM DOLOR<\/h5>\n<h3  class=\"\">Brand new WordPress theme&nbsp;<span  href=\"#\" class=\"span25\">with unlimited power<\/span>&nbsp;and customization possibilities<\/h3>\n<p  class=\"\">Lorem ipsum dolor sit amet, consectetur adipisicing elit, sed do eiusmod tempor incididunt ut labore et dolore magna aliqua. Ut enim ad minim veniam, quis nostrud.<\/p>\n<p> <a  class=\"button blue big\" href=\"#\">GET STARTED NOW<\/a> <\/div>\n<\/p><\/div>\n<\/p><\/div>\n<div  class=\"about-big-images-bottomrow\">\n<div  class=\"about-big-images-leftimgcol\"><img  decoding=\"async\" class=\"about-big-images-leftimg\" src=\"https:\/\/www.itbezproblemu.pl\/wp-content\/plugins\/one-page-express-companion\/theme-data\/one-page-express\/sections\/images\/nordwood-themes-180852.jpg\"> <\/div>\n<div  class=\"about-big-images-centerimgcol\"><img  decoding=\"async\" class=\"about-big-images-centerimg\" src=\"https:\/\/www.itbezproblemu.pl\/wp-content\/plugins\/one-page-express-companion\/theme-data\/one-page-express\/sections\/images\/ir5likvfqc4-william-iven-1920x1275.jpg\"> <\/div>\n<div  class=\"about-big-images-rightimgcol\"><img  decoding=\"async\" class=\"about-big-images-rightimg\" src=\"https:\/\/www.itbezproblemu.pl\/wp-content\/plugins\/one-page-express-companion\/theme-data\/one-page-express\/sections\/images\/project1.jpg\"> <\/div>\n<\/p><\/div>\n<\/p><\/div>\n<div  id=\"content-3\" style=\"background-color: #ffffff;\" data-label=\"Content\" data-id=\"content-image-left\" data-category=\"content\" class=\"content-left-image-section\">\n<div  class=\"gridContainer\">\n<div  class=\"row\">\n<div  class=\"content-left-image-imgcol\" data-type=\"column\"> <img  decoding=\"async\" src=\"https:\/\/www.itbezproblemu.pl\/wp-content\/plugins\/one-page-express-companion\/theme-data\/one-page-express\/sections\/images\/project1.jpg\" class=\"\"> <\/div>\n<div  class=\"content-left-image-textcol dynamic-color\" data-type=\"column\">\n<h2  class=\"\">This is one of the things <br >we do best&nbsp;<\/h2>\n<p  class=\"large_text\"> Lorem ipsum dolor sit amet, consectetur adipisicing elit, sed do eiusmod tempor incididunt ut labore et dolore magna aliqua. Ut enim ad minim veniam, quis nostrud exercitation ullamco laboris nisi ut aliquip ex ea commodo consequat. <\/p>\n<p> <a  class=\"button blue\" href=\"#\"> LEARN MORE <\/a> <\/div>\n<\/p><\/div>\n<\/p><\/div>\n<\/p><\/div>\n<div  id=\"content-4\" style=\"background-color: #f6f6f6;\" data-label=\"Content\" data-id=\"content-image-right\" data-category=\"content\" class=\"content-right-image-section\">\n<div  class=\"gridContainer\">\n<div  class=\"content-right-image-gridcol\">\n<div  class=\"content-right-image-textcol dynamic-color\" data-type=\"column\">\n<h2  class=\"\">This is one of the things <br >we do best&nbsp;<\/h2>\n<p  class=\"large_text\"> Lorem ipsum dolor sit amet, consectetur adipisicing elit, sed do eiusmod tempor incididunt ut labore et dolore magna aliqua. Ut enim ad minim veniam, quis nostrud exercitation ullamco laboris nisi ut aliquip ex ea commodo consequat. <\/p>\n<p> <a  class=\"button blue\" href=\"#\"> Learn More <\/a> <\/div>\n<div  class=\"content-right-image-imgcol\" data-type=\"column\"> <img  decoding=\"async\" src=\"https:\/\/www.itbezproblemu.pl\/wp-content\/plugins\/one-page-express-companion\/theme-data\/one-page-express\/sections\/images\/project1.jpg\" class=\"\"> <\/div>\n<\/p><\/div>\n<\/p><\/div>\n<\/p><\/div>\n<div  id=\"portfolio-2\" style=\"background-color: #ffffff;\" data-label=\"Portfolio\" data-id=\"portfolio-full-section\" data-category=\"portfolio\">\n<div  class=\"portfolio-full-section\" data-type=\"row\">\n<div  class=\"portfolio-full-projectco cp4cols cp4cols-tablet\">\n<div  class=\"contentswap-effect ContentSwap103\" hover-fx=\"ContentSwap103\" id=\"ContentSwap103\">\n<div  class=\"ContentSwap103_content initial-image\"><img  decoding=\"async\" class=\"portfolio-full-projectimg\" data-size=\"1200x800\" src=\"https:\/\/www.itbezproblemu.pl\/wp-content\/plugins\/one-page-express-companion\/theme-data\/one-page-express\/sections\/images\/project3.jpg\"> <\/div>\n<div  class=\"overlay\" style=\"display: block; opacity: 1;\"><\/div>\n<div  class=\"swap-inner\" style=\"opacity: 1; display: block;\">\n<div  class=\"ContentSwap103-center\">\n<h4  class=\"protfolio-full-itemtitle\">A COOL PROJECT<\/h4>\n<p><a  class=\"button yellow\" href=\"#\">Check it out<\/a> <\/div>\n<\/p><\/div>\n<\/p><\/div>\n<\/p><\/div>\n<div  class=\"portfolio-full-projectco cp4cols cp4cols-tablet\">\n<div  class=\"contentswap-effect ContentSwap103\" hover-fx=\"ContentSwap103\" id=\"ContentSwap103\" is-hovered=\"1\">\n<div  class=\"ContentSwap103_content initial-image\"><img  decoding=\"async\" class=\"portfolio-full-projectimg\" data-size=\"1200x800\" src=\"https:\/\/www.itbezproblemu.pl\/wp-content\/plugins\/one-page-express-companion\/theme-data\/one-page-express\/sections\/images\/project1.jpg\"> <\/div>\n<div  class=\"overlay\" style=\"display: block; opacity: 1;\"><\/div>\n<div  class=\"swap-inner\" style=\"opacity: 1; display: block;\">\n<div  class=\"ContentSwap103-center\">\n<h4  class=\"protfolio-full-itemtitle\">A COOL PROJECT<\/h4>\n<p><a  class=\"button yellow\" href=\"#\">CHECK IT OUT<\/a> <\/div>\n<\/p><\/div>\n<\/p><\/div>\n<\/p><\/div>\n<div  class=\"portfolio-full-projectco cp4cols cp4cols-tablet\">\n<div  class=\"contentswap-effect ContentSwap103\" hover-fx=\"ContentSwap103\" id=\"ContentSwap103\" is-hovered=\"1\">\n<div  class=\"ContentSwap103_content initial-image\"><img  decoding=\"async\" class=\"portfolio-full-projectimg\" data-size=\"1200x800\" src=\"https:\/\/www.itbezproblemu.pl\/wp-content\/plugins\/one-page-express-companion\/theme-data\/one-page-express\/sections\/images\/project2.jpg\"> <\/div>\n<div  class=\"overlay\" style=\"display: block; opacity: 1;\"><\/div>\n<div  class=\"swap-inner\" style=\"opacity: 1; display: block;\">\n<div  class=\"ContentSwap103-center\">\n<h4  class=\"protfolio-full-itemtitle\">A COOL PROJECT<\/h4>\n<p><a  class=\"button yellow\" href=\"#\">CHECK IT OUT<\/a> <\/div>\n<\/p><\/div>\n<\/p><\/div>\n<\/p><\/div>\n<\/div>\n<\/div>\n<div  id=\"testimonials-1\" style=\"background-color: #f6f6f6;\" data-label=\"Testimonials\" data-id=\"testimonials-boxed-section\" data-category=\"testimonials\" class=\"testimonials-boxed-section\">\n<div  class=\"gridContainer\">\n<div  class=\"testimonials-boxed-textcol dynamic-color\" data-type=\"column\">\n<h2  class=\"\">What Our Clients Say<\/h2>\n<p  class=\"\">Lorem ipsum dolor sit amet, consectetur adipisicing elit, sed do eiusmod tempor incididunt ut labore et dolore magna aliqua. Ut enim ad minim veniam, quis nostrud exercitation ullamco laboris nisi.<\/p>\n<\/p><\/div>\n<div  class=\"testimonials-boxed-itemsrow dark-text\" data-type=\"row\">\n<div  class=\"testimonials-boxed-itemcol cp4cols cp6cols-tablet\">\n<div  class=\"testimonials-boxed-itemcard\" data-type=\"column\">\n<h4  class=\"testimonials-boxed-itemtext\">\u201cLorem ipsum dolor sit amet, consectetur adipisicing elit, sed do eiusmod tempor incididunt ut labore et dolore magna aliqua. Ut enim ad minim veniam.\u201d<\/h4>\n<p><img  decoding=\"async\" class=\"testimonials-boxed-itemimg\" data-size=\"500x500\" src=\"https:\/\/www.itbezproblemu.pl\/wp-content\/plugins\/one-page-express-companion\/theme-data\/one-page-express\/sections\/images\/face4.jpg\"> <\/p>\n<h5  class=\"testimonials-boxed-itemname\">Anna Johnson<\/h5>\n<h6  class=\"testimonials-boxed-itempos\">CEO @ COOLAPP<\/h6>\n<\/p><\/div>\n<\/p><\/div>\n<div  class=\"testimonials-boxed-itemcol cp4cols cp6cols-tablet\">\n<div  class=\"testimonials-boxed-itemcard\" data-type=\"column\">\n<h4  class=\"testimonials-boxed-itemtext\">\u201cLorem ipsum dolor sit amet, consectetur adipisicing elit, sed do eiusmod tempor incididunt ut labore et dolore magna aliqua. Ut enim ad minim veniam.\u201d<\/h4>\n<p><img  decoding=\"async\" class=\"testimonials-boxed-itemimg\" data-size=\"500x500\" src=\"https:\/\/www.itbezproblemu.pl\/wp-content\/plugins\/one-page-express-companion\/theme-data\/one-page-express\/sections\/images\/face9.jpg\"> <\/p>\n<h5  class=\"testimonials-boxed-itemname\">Eric Black<\/h5>\n<h6  class=\"testimonials-boxed-itempos\">CEO @ COOLAPP<\/h6>\n<\/p><\/div>\n<\/p><\/div>\n<div  class=\"testimonials-boxed-itemcol cp4cols cp6cols-tablet\">\n<div  class=\"testimonials-boxed-itemcard\" data-type=\"column\">\n<h4  class=\"testimonials-boxed-itemtext\">\u201cLorem ipsum dolor sit amet, consectetur adipisicing elit, sed do eiusmod tempor incididunt ut labore et dolore magna aliqua. Ut enim ad minim veniam.\u201d<\/h4>\n<p><img  decoding=\"async\" class=\"testimonials-boxed-itemimg\" data-size=\"500x500\" src=\"https:\/\/www.itbezproblemu.pl\/wp-content\/plugins\/one-page-express-companion\/theme-data\/one-page-express\/sections\/images\/face7.jpg\"> <\/p>\n<h5  class=\"testimonials-boxed-itemname\">John Collins<\/h5>\n<h6  class=\"testimonials-boxed-itempos\">CEO @ COOLAPP<\/h6>\n<\/p><\/div>\n<\/p><\/div>\n<\/p><\/div>\n<\/p><\/div>\n<\/div>\n<div  id=\"cta-1\" data-label=\"Call to action\" data-id=\"cta-blue-section\" data-category=\"cta\" class=\"cta-blue-section\">\n<div  class=\"gridContainer\">\n<div  class=\"flexbox-list flexbox-list-align-center row\">\n<div  class=\"cta-blue-textcol dynamic-color\">\n<h2  class=\"cta-blue-text\"> <b  class=\"element2\"> Join us. <\/b> It will only take a minute <\/h2>\n<\/p><\/div>\n<div  class=\"cta-blue-btncol\"> <a  class=\"button big yellow dark-text\" href=\"#\"> GET STARTED TODAY <\/a> <\/div>\n<\/p><\/div>\n<\/p><\/div>\n<\/p><\/div>\n<div  id=\"contact-4\" data-label=\"Contact\" data-id=\"contact-section\" data-category=\"contact\" data-bg=\"transparent\" class=\"contact-section-formsection white-text\">\n<div  class=\"gridContainer\">\n<div  class=\"row_224\">\n<div  class=\"contact-textrow\">\n<div  class=\"contact-textcol dynamic-color\">\n<h2  class=\"\">Say Hello<\/h2>\n<p  class=\"white_text\">Lorem ipsum dolor sit amet, consectetur adipisicing elit, sed do eiusmod tempor incididunt ut labore et dolore magna aliqua.<\/p>\n<\/p><\/div>\n<\/p><\/div>\n<\/p><\/div>\n<div  class=\"contact-formcol\" data-content-shortcode=\"one_page_express_contact_form\" data-editable=\"true\">[one_page_express_contact_form]<\/div>\n<\/p><\/div>\n<\/div>\n<div data-label=\"Features\" data-id=\"features-small-icon-cards-section\" data-category=\"features\" class=\"features-small-icon-cards-section\" id=\"features-5\"  style=\"background-color: rgb(246, 246, 246);\">\n<div class=\"gridContainer\" >\n<div class=\"features-small-icon-cards-textrow\" >\n<div class=\"features-small-icon-cards-textcol dynamic-color\" data-type=\"column\" >\n<h2 class=\"\" >A few things we\u2019re great at<\/h2>\n<p class=\"\" >Lorem ipsum dolor sit amet, consectetur adipisicing elit, sed do eiusmod tempor incididunt ut labore et dolore magna aliqua. Ut enim ad minim veniam, quis nostrud exercitation.<\/p>\n<\/p><\/div>\n<\/p><\/div>\n<div class=\"features-small-icon-cards-featuresrow dark-text\" data-type=\"row\" >\n<div class=\"features-small-icon-cards-featcol\" >\n<div class=\"features-small-icon-cards-featinnerrow\" >\n<div class=\"features-small-icon-cards-iconcol\" > <i data-cp-fa=\"true\" class=\"font-icon-23 fa fa-bolt\" ><\/i> <\/div>\n<div class=\"features-small-icon-cards-feattextcol\" data-type=\"column\" >\n<h4 class=\"\" >Responsive Design<\/h4>\n<p class=\"\" >Lorem ipsum dolor sit amet, consectetur adipisicing elit, sed do eiusmod tempor incididunt ut labore et dolore.<\/p>\n<\/p><\/div>\n<\/p><\/div>\n<\/p><\/div>\n<div class=\"features-small-icon-cards-featcol\" >\n<div class=\"features-small-icon-cards-featinnerrow\" >\n<div class=\"features-small-icon-cards-iconcol\" > <i data-cp-fa=\"true\" class=\"font-icon-23 fa fa-signal\" ><\/i> <\/div>\n<div class=\"features-small-icon-cards-feattextcol\" data-type=\"column\" >\n<h4 class=\"\" >Responsive Design<\/h4>\n<p class=\"\" >Lorem ipsum dolor sit amet, consectetur adipisicing elit, sed do eiusmod tempor incididunt ut labore et dolore.<\/p>\n<\/p><\/div>\n<\/p><\/div>\n<\/p><\/div>\n<div class=\"features-small-icon-cards-featcol\" >\n<div class=\"features-small-icon-cards-featinnerrow\" >\n<div class=\"features-small-icon-cards-iconcol\" > <i data-cp-fa=\"true\" class=\"font-icon-23 fa fa-pie-chart\" ><\/i> <\/div>\n<div class=\"features-small-icon-cards-feattextcol\" data-type=\"column\" >\n<h4 class=\"\" >Responsive Design<\/h4>\n<p class=\"\" >Lorem ipsum dolor sit amet, consectetur adipisicing elit, sed do eiusmod tempor incididunt ut labore et dolore.<\/p>\n<\/p><\/div>\n<\/p><\/div>\n<\/p><\/div>\n<div class=\"features-small-icon-cards-featcol\" >\n<div class=\"features-small-icon-cards-featinnerrow\" >\n<div class=\"features-small-icon-cards-iconcol\" > <i data-cp-fa=\"true\" class=\"font-icon-23 fa fa-cogs\" ><\/i> <\/div>\n<div class=\"features-small-icon-cards-feattextcol\" data-type=\"column\" >\n<h4 class=\"\" >Responsive Design<\/h4>\n<p class=\"\" >Lorem ipsum dolor sit amet, consectetur adipisicing elit, sed do eiusmod tempor incididunt ut labore et dolore.<\/p>\n<\/p><\/div>\n<\/p><\/div>\n<\/p><\/div>\n<div class=\"features-small-icon-cards-featcol\" >\n<div class=\"features-small-icon-cards-featinnerrow\" >\n<div class=\"features-small-icon-cards-iconcol\" > <i data-cp-fa=\"true\" class=\"font-icon-23 fa fa-rocket\" ><\/i> <\/div>\n<div class=\"features-small-icon-cards-feattextcol\" data-type=\"column\" >\n<h4 class=\"\" >Responsive Design<\/h4>\n<p class=\"\" >Lorem ipsum dolor sit amet, consectetur adipisicing elit, sed do eiusmod tempor incididunt ut labore et dolore.<\/p>\n<\/p><\/div>\n<\/p><\/div>\n<\/p><\/div>\n<div class=\"features-small-icon-cards-featcol\" >\n<div class=\"features-small-icon-cards-featinnerrow\" >\n<div class=\"features-small-icon-cards-iconcol\" > <i data-cp-fa=\"true\" class=\"font-icon-23 fa fa-calendar\" ><\/i> <\/div>\n<div class=\"features-small-icon-cards-feattextcol\" data-type=\"column\" >\n<h4 class=\"\" >Responsive Design<\/h4>\n<p class=\"\" >Lorem ipsum dolor sit amet, consectetur adipisicing elit, sed do eiusmod tempor incididunt ut labore et dolore.<\/p>\n<\/p><\/div>\n<\/p><\/div>\n<\/p><\/div>\n<\/p><\/div>\n<\/p><\/div>\n<\/div>\n","protected":false},"excerpt":{"rendered":"<p>Szybka diagnoza, skuteczna naprawa! Profesjonalna diagnostyka i naprawa sprz\u0119tu, aby Tw\u00f3j komputer dzia\u0142a\u0142 sprawnie i bezproblemowo! Tw\u00f3j sprz\u0119t, w najlepszej kondycji! Profesjonalne czyszczenie wn\u0119trza urz\u0105dze\u0144 i optymalizacja systemu, a tak\u017ce wymiana podzespo\u0142\u00f3w dla maksymalnej wydajno\u015bci! Zbuduj swoj\u0105 obecno\u015b\u0107 online! Tworzymy nowoczesne strony internetowe i zwi\u0119kszamy widoczno\u015b\u0107 Twojej firmy w sieci, aby dotrze\u0107 do wi\u0119kszej liczby [&hellip;]<\/p>\n","protected":false},"author":1,"featured_media":0,"parent":0,"menu_order":0,"comment_status":"closed","ping_status":"closed","template":"","meta":{"footnotes":""},"class_list":["post-20","page","type-page","status-publish","hentry"],"_links":{"self":[{"href":"https:\/\/www.itbezproblemu.pl\/index.php\/wp-json\/wp\/v2\/pages\/20","targetHints":{"allow":["GET"]}}],"collection":[{"href":"https:\/\/www.itbezproblemu.pl\/index.php\/wp-json\/wp\/v2\/pages"}],"about":[{"href":"https:\/\/www.itbezproblemu.pl\/index.php\/wp-json\/wp\/v2\/types\/page"}],"author":[{"embeddable":true,"href":"https:\/\/www.itbezproblemu.pl\/index.php\/wp-json\/wp\/v2\/users\/1"}],"replies":[{"embeddable":true,"href":"https:\/\/www.itbezproblemu.pl\/index.php\/wp-json\/wp\/v2\/comments?post=20"}],"version-history":[{"count":3,"href":"https:\/\/www.itbezproblemu.pl\/index.php\/wp-json\/wp\/v2\/pages\/20\/revisions"}],"predecessor-version":[{"id":28,"href":"https:\/\/www.itbezproblemu.pl\/index.php\/wp-json\/wp\/v2\/pages\/20\/revisions\/28"}],"wp:attachment":[{"href":"https:\/\/www.itbezproblemu.pl\/index.php\/wp-json\/wp\/v2\/media?parent=20"}],"curies":[{"name":"wp","href":"https:\/\/api.w.org\/{rel}","templated":true}]}}